{"id":285,"date":"2010-03-14T21:37:09","date_gmt":"2010-03-14T20:37:09","guid":{"rendered":"http:\/\/www.sachsenhausen-in-thueringen.de\/wop\/?page_id=285"},"modified":"2024-06-29T10:46:50","modified_gmt":"2024-06-29T09:46:50","slug":"home-3","status":"publish","type":"page","link":"https:\/\/www.sachsenhausen-in-thueringen.de\/wop\/","title":{"rendered":"Home"},"content":{"rendered":"<table style=\"border-style: none; line-height=100%;\" width=\"95%\">\n<tbody>\n<tr>\n<td style=\"padding: 15px; text-align: left; border-style: none;\"><div id=\"metaslider-id-899\" style=\"width: 100%;\" class=\"ml-slider-3-107-0 metaslider metaslider-flex metaslider-899 ml-slider ms-theme-default nav-hidden\" role=\"region\" aria-label=\"Neue Diashow\" data-height=\"300\" data-width=\"600\">\n    <div id=\"metaslider_container_899\">\n        <div id=\"metaslider_899\">\n            <ul class='slides'>\n                <li style=\"display: block; width: 100%;\" class=\"slide-900 ms-image \" aria-roledescription=\"slide\" data-date=\"2017-10-27 15:33:15\" data-filename=\"Z-Lluftbild1-600x300.jpg\" data-slide-type=\"image\"><img loading=\"lazy\" decoding=\"async\" src=\"https:\/\/www.sachsenhausen-in-thueringen.de\/wop\/wp-content\/uploads\/Z-Lluftbild1-600x300.jpg\" height=\"300\" width=\"600\" alt=\"\" class=\"slider-899 slide-900 msDefaultImage\" \/><\/li>\n                <li style=\"display: none; width: 100%;\" class=\"slide-901 ms-image \" aria-roledescription=\"slide\" data-date=\"2017-10-27 15:33:16\" data-filename=\"Gemeindeamt-mit-Jugendzimmer-u.-Heimatstube-600x300.jpg\" data-slide-type=\"image\"><img loading=\"lazy\" decoding=\"async\" src=\"https:\/\/www.sachsenhausen-in-thueringen.de\/wop\/wp-content\/uploads\/Gemeindeamt-mit-Jugendzimmer-u.-Heimatstube-600x300.jpg\" height=\"300\" width=\"600\" alt=\"\" class=\"slider-899 slide-901 msDefaultImage\" \/><\/li>\n                <li style=\"display: none; width: 100%;\" class=\"slide-902 ms-image \" aria-roledescription=\"slide\" data-date=\"2017-10-27 15:33:16\" data-filename=\"Gemeindegasthof-in-der-Dorfmitte-600x300.jpg\" data-slide-type=\"image\"><img loading=\"lazy\" decoding=\"async\" src=\"https:\/\/www.sachsenhausen-in-thueringen.de\/wop\/wp-content\/uploads\/Gemeindegasthof-in-der-Dorfmitte-600x300.jpg\" height=\"300\" width=\"600\" alt=\"\" class=\"slider-899 slide-902 msDefaultImage\" \/><\/li>\n                <li style=\"display: none; width: 100%;\" class=\"slide-905 ms-image \" aria-roledescription=\"slide\" data-date=\"2017-10-27 15:33:16\" data-filename=\"Kirche04_12-600x300.jpg\" data-slide-type=\"image\"><img loading=\"lazy\" decoding=\"async\" src=\"https:\/\/www.sachsenhausen-in-thueringen.de\/wop\/wp-content\/uploads\/Kirche04_12-600x300.jpg\" height=\"300\" width=\"600\" alt=\"\" class=\"slider-899 slide-905 msDefaultImage\" \/><\/li>\n                <li style=\"display: none; width: 100%;\" class=\"slide-903 ms-image \" aria-roledescription=\"slide\" data-date=\"2017-10-27 15:33:16\" data-filename=\"Kirche-St.Kilian-600x300.jpg\" data-slide-type=\"image\"><img loading=\"lazy\" decoding=\"async\" src=\"https:\/\/www.sachsenhausen-in-thueringen.de\/wop\/wp-content\/uploads\/Kirche-St.Kilian-600x300.jpg\" height=\"300\" width=\"600\" alt=\"\" class=\"slider-899 slide-903 msDefaultImage\" \/><\/li>\n                <li style=\"display: none; width: 100%;\" class=\"slide-904 ms-image \" aria-roledescription=\"slide\" data-date=\"2017-10-27 15:33:16\" data-filename=\"Scherkondetaler-Blasmusik-600x300.jpg\" data-slide-type=\"image\"><img loading=\"lazy\" decoding=\"async\" src=\"https:\/\/www.sachsenhausen-in-thueringen.de\/wop\/wp-content\/uploads\/Scherkondetaler-Blasmusik-600x300.jpg\" height=\"300\" width=\"600\" alt=\"\" class=\"slider-899 slide-904 msDefaultImage\" \/><\/li>\n            <\/ul>\n        <\/div>\n        \n    <\/div>\n<\/div><\/p>\n<hr \/>\n<p><strong>Landgemeinde am Ettersberg, Ortschafts-Verwaltung Sachsenhausen,<br \/>\nLeutenthalerstrasse 46c, 99439 Am Ettersberg<\/strong><\/p>\n<p>Unser Dorf liegt im Herzen Th\u00fcringens, am Nordhang des sanft abfallenden Kleinen Ettersberges.<br \/>\nVerkehrsm\u00e4\u00dfig ist unser Dorf durch seine Lage 6 km nord\u00f6stlich der Kulturstadt Weimar und 13 km westlich der Kreisstadt Apolda recht g\u00fcnstig gelegen.<br \/>\nGut ausgebaute Stra\u00dfen (L II 0 159 und die Kreisstra\u00dfe 3) verbinden unser Dorf mit den benachbarten Orten, aber auch mit den St\u00e4dten Weimar, Apolda und Buttst\u00e4dt.<br \/>\nZu erreichen ist unser Dorf f\u00fcr den Fernverkehr von der A4 Abfahrt Gelmeroda bzw. Nohra.<\/p>\n<p>Der Ort wird erstmals 1250 als Sassenhausen in einer Urkunde des Klosters Wechterswinkel f\u00fcr das Kloster Forte (Schulforta bei Bad K\u00f6sen) genannt.<br \/>\nDie Gemeinde geh\u00f6rt als Ortschaft der <a title=\"http:\/\/www.vgnordkreis-weimar.de\/\" href=\"http:\/\/www.vgnordkreis-weimar.de\/\">Landgemeinde Am Ettersberg<\/a>, Sitz 99439 Am Ettersberg, Hauptstrasse 23 an.<\/p>\n<p>Als B\u00fcrgermeister wurde seit 1999 Herr Georg Scheide gew\u00e4hlt und als Ortschaftsb\u00fcrgermeister ernannt.<br \/>\nDer Ortschaftsrat wurde am 26.05.2024 f\u00fcr die Legislaturperiode bis 2028 gew\u00e4hlt.<br \/>\nDer Ortschaftsrat besteht aus\u00a0f\u00fcnf gew\u00e4hlten Vertretern des Ortes einschlie\u00dflich dem Ortschaftsb\u00fcrgermeister.<\/p>\n<p><strong>Im Gemeinderat sind vertreten:<\/strong><\/p>\n<table style=\"border-style:none;\" width=\"80%\" cellspacing=\"2\" cellpadding=\"0\">\n<tbody>\n<tr>\n<td width=\"45%\">Herr Daniel M\u00f6ller<\/td>\n<td width=\"40%\">Ortschaftsrat<\/td>\n<\/tr>\n<tr>\n<td>Frau Johanna Jordan<\/td>\n<td>Ortschaftsrat<\/td>\n<\/tr>\n<tr>\n<td>Herr Bernd Steinh\u00e4user<\/td>\n<td>Ortschaftsrat<\/td>\n<\/tr>\n<tr>\n<td>Herr Norbert Schuchardt<\/td>\n<td>Ortschaftsrat<\/td>\n<\/tr>\n<\/tbody>\n<\/table>\n<\/td>\n<\/tr>\n<\/tbody>\n<\/table>\n","protected":false},"excerpt":{"rendered":"<p>Landgemeinde am Ettersberg, Ortschafts-Verwaltung Sachsenhausen, Leutenthalerstrasse 46c, 99439 Am Ettersberg Unser Dorf liegt im Herzen Th\u00fcringens, am Nordhang des sanft [&hellip;]<\/p>\n","protected":false},"author":1,"featured_media":0,"parent":0,"menu_order":0,"comment_status":"closed","ping_status":"closed","template":"","meta":{"site-sidebar-layout":"default","site-content-layout":"","ast-site-content-layout":"default","site-content-style":"default","site-sidebar-style":"default","ast-global-header-display":"","ast-banner-title-visibility":"","ast-main-header-display":"","ast-hfb-above-header-display":"","ast-hfb-below-header-display":"","ast-hfb-mobile-header-display":"","site-post-title":"","ast-breadcrumbs-content":"","ast-featured-img":"","footer-sml-layout":"","ast-disable-related-posts":"","theme-transparent-header-meta":"default","adv-header-id-meta":"","stick-header-meta":"","header-above-stick-meta":"","header-main-stick-meta":"","header-below-stick-meta":"","astra-migrate-meta-layouts":"set","ast-page-background-enabled":"default","ast-page-background-meta":{"desktop":{"background-color":"var(--ast-global-color-4)","background-image":"","background-repeat":"repeat","background-position":"center center","background-size":"auto","background-attachment":"scroll","background-type":"","background-media":"","overlay-type":"","overlay-color":"","overlay-opacity":"","overlay-gradient":""},"tablet":{"background-color":"","background-image":"","background-repeat":"repeat","background-position":"center center","background-size":"auto","background-attachment":"scroll","background-type":"","background-media":"","overlay-type":"","overlay-color":"","overlay-opacity":"","overlay-gradient":""},"mobile":{"background-color":"","background-image":"","background-repeat":"repeat","background-position":"center center","background-size":"auto","background-attachment":"scroll","background-type":"","background-media":"","overlay-type":"","overlay-color":"","overlay-opacity":"","overlay-gradient":""}},"ast-content-background-meta":{"desktop":{"background-color":"var(--ast-global-color-5)","background-image":"","background-repeat":"repeat","background-position":"center center","background-size":"auto","background-attachment":"scroll","background-type":"","background-media":"","overlay-type":"","overlay-color":"","overlay-opacity":"","overlay-gradient":""},"tablet":{"background-color":"var(--ast-global-color-5)","background-image":"","background-repeat":"repeat","background-position":"center center","background-size":"auto","background-attachment":"scroll","background-type":"","background-media":"","overlay-type":"","overlay-color":"","overlay-opacity":"","overlay-gradient":""},"mobile":{"background-color":"var(--ast-global-color-5)","background-image":"","background-repeat":"repeat","background-position":"center center","background-size":"auto","background-attachment":"scroll","background-type":"","background-media":"","overlay-type":"","overlay-color":"","overlay-opacity":"","overlay-gradient":""}},"footnotes":""},"class_list":["post-285","page","type-page","status-publish","hentry"],"yoast_head":"<!-- This site is optimized with the Yoast SEO plugin v27.6 - https:\/\/yoast.com\/product\/yoast-seo-wordpress\/ -->\n<title>Home - Willkommen in der Ortschaft Sachsenhausen<\/title>\n<meta name=\"robots\" content=\"noindex, follow\" \/>\n<meta property=\"og:locale\" content=\"de_DE\" \/>\n<meta property=\"og:type\" content=\"article\" \/>\n<meta property=\"og:title\" content=\"Home - Willkommen in der Ortschaft Sachsenhausen\" \/>\n<meta property=\"og:description\" content=\"Landgemeinde am Ettersberg, Ortschafts-Verwaltung Sachsenhausen, Leutenthalerstrasse 46c, 99439 Am Ettersberg Unser Dorf liegt im Herzen Th\u00fcringens, am Nordhang des sanft [&hellip;]\" \/>\n<meta property=\"og:url\" content=\"https:\/\/www.sachsenhausen-in-thueringen.de\/wop\/\" \/>\n<meta property=\"og:site_name\" content=\"Willkommen in der Ortschaft Sachsenhausen\" \/>\n<meta property=\"article:modified_time\" content=\"2024-06-29T09:46:50+00:00\" \/>\n<meta name=\"twitter:card\" content=\"summary_large_image\" \/>\n<meta name=\"twitter:label1\" content=\"Gesch\u00e4tzte Lesezeit\" \/>\n\t<meta name=\"twitter:data1\" content=\"2\u00a0Minuten\" \/>\n<script type=\"application\/ld+json\" class=\"yoast-schema-graph\">{\"@context\":\"https:\\\/\\\/schema.org\",\"@graph\":[{\"@type\":\"WebPage\",\"@id\":\"https:\\\/\\\/www.sachsenhausen-in-thueringen.de\\\/wop\\\/\",\"url\":\"https:\\\/\\\/www.sachsenhausen-in-thueringen.de\\\/wop\\\/\",\"name\":\"Home - Willkommen in der Ortschaft Sachsenhausen\",\"isPartOf\":{\"@id\":\"https:\\\/\\\/www.sachsenhausen-in-thueringen.de\\\/wop\\\/#website\"},\"datePublished\":\"2010-03-14T20:37:09+00:00\",\"dateModified\":\"2024-06-29T09:46:50+00:00\",\"breadcrumb\":{\"@id\":\"https:\\\/\\\/www.sachsenhausen-in-thueringen.de\\\/wop\\\/#breadcrumb\"},\"inLanguage\":\"de\",\"potentialAction\":[{\"@type\":\"ReadAction\",\"target\":[\"https:\\\/\\\/www.sachsenhausen-in-thueringen.de\\\/wop\\\/\"]}]},{\"@type\":\"BreadcrumbList\",\"@id\":\"https:\\\/\\\/www.sachsenhausen-in-thueringen.de\\\/wop\\\/#breadcrumb\",\"itemListElement\":[{\"@type\":\"ListItem\",\"position\":1,\"name\":\"Startseite\",\"item\":\"https:\\\/\\\/www.sachsenhausen-in-thueringen.de\\\/wop\\\/\"},{\"@type\":\"ListItem\",\"position\":2,\"name\":\"Home\"}]},{\"@type\":\"WebSite\",\"@id\":\"https:\\\/\\\/www.sachsenhausen-in-thueringen.de\\\/wop\\\/#website\",\"url\":\"https:\\\/\\\/www.sachsenhausen-in-thueringen.de\\\/wop\\\/\",\"name\":\"Sachsenhausen in Thueringen\",\"description\":\"der Landgemeinde Am Ettersberg\",\"publisher\":{\"@id\":\"https:\\\/\\\/www.sachsenhausen-in-thueringen.de\\\/wop\\\/#organization\"},\"potentialAction\":[{\"@type\":\"SearchAction\",\"target\":{\"@type\":\"EntryPoint\",\"urlTemplate\":\"https:\\\/\\\/www.sachsenhausen-in-thueringen.de\\\/wop\\\/?s={search_term_string}\"},\"query-input\":{\"@type\":\"PropertyValueSpecification\",\"valueRequired\":true,\"valueName\":\"search_term_string\"}}],\"inLanguage\":\"de\"},{\"@type\":\"Organization\",\"@id\":\"https:\\\/\\\/www.sachsenhausen-in-thueringen.de\\\/wop\\\/#organization\",\"name\":\"Sachsenhausen in Thueringen\",\"url\":\"https:\\\/\\\/www.sachsenhausen-in-thueringen.de\\\/wop\\\/\",\"logo\":{\"@type\":\"ImageObject\",\"inLanguage\":\"de\",\"@id\":\"https:\\\/\\\/www.sachsenhausen-in-thueringen.de\\\/wop\\\/#\\\/schema\\\/logo\\\/image\\\/\",\"url\":\"https:\\\/\\\/www.sachsenhausen-in-thueringen.de\\\/wop\\\/wp-content\\\/uploads\\\/Wappen.jpg\",\"contentUrl\":\"https:\\\/\\\/www.sachsenhausen-in-thueringen.de\\\/wop\\\/wp-content\\\/uploads\\\/Wappen.jpg\",\"width\":563,\"height\":586,\"caption\":\"Sachsenhausen in Thueringen\"},\"image\":{\"@id\":\"https:\\\/\\\/www.sachsenhausen-in-thueringen.de\\\/wop\\\/#\\\/schema\\\/logo\\\/image\\\/\"}}]}<\/script>\n<!-- \/ Yoast SEO plugin. -->","yoast_head_json":{"title":"Home - Willkommen in der Ortschaft Sachsenhausen","robots":{"index":"noindex","follow":"follow"},"og_locale":"de_DE","og_type":"article","og_title":"Home - Willkommen in der Ortschaft Sachsenhausen","og_description":"Landgemeinde am Ettersberg, Ortschafts-Verwaltung Sachsenhausen, Leutenthalerstrasse 46c, 99439 Am Ettersberg Unser Dorf liegt im Herzen Th\u00fcringens, am Nordhang des sanft [&hellip;]","og_url":"https:\/\/www.sachsenhausen-in-thueringen.de\/wop\/","og_site_name":"Willkommen in der Ortschaft Sachsenhausen","article_modified_time":"2024-06-29T09:46:50+00:00","twitter_card":"summary_large_image","twitter_misc":{"Gesch\u00e4tzte Lesezeit":"2\u00a0Minuten"},"schema":{"@context":"https:\/\/schema.org","@graph":[{"@type":"WebPage","@id":"https:\/\/www.sachsenhausen-in-thueringen.de\/wop\/","url":"https:\/\/www.sachsenhausen-in-thueringen.de\/wop\/","name":"Home - Willkommen in der Ortschaft Sachsenhausen","isPartOf":{"@id":"https:\/\/www.sachsenhausen-in-thueringen.de\/wop\/#website"},"datePublished":"2010-03-14T20:37:09+00:00","dateModified":"2024-06-29T09:46:50+00:00","breadcrumb":{"@id":"https:\/\/www.sachsenhausen-in-thueringen.de\/wop\/#breadcrumb"},"inLanguage":"de","potentialAction":[{"@type":"ReadAction","target":["https:\/\/www.sachsenhausen-in-thueringen.de\/wop\/"]}]},{"@type":"BreadcrumbList","@id":"https:\/\/www.sachsenhausen-in-thueringen.de\/wop\/#breadcrumb","itemListElement":[{"@type":"ListItem","position":1,"name":"Startseite","item":"https:\/\/www.sachsenhausen-in-thueringen.de\/wop\/"},{"@type":"ListItem","position":2,"name":"Home"}]},{"@type":"WebSite","@id":"https:\/\/www.sachsenhausen-in-thueringen.de\/wop\/#website","url":"https:\/\/www.sachsenhausen-in-thueringen.de\/wop\/","name":"Sachsenhausen in Thueringen","description":"der Landgemeinde Am Ettersberg","publisher":{"@id":"https:\/\/www.sachsenhausen-in-thueringen.de\/wop\/#organization"},"potentialAction":[{"@type":"SearchAction","target":{"@type":"EntryPoint","urlTemplate":"https:\/\/www.sachsenhausen-in-thueringen.de\/wop\/?s={search_term_string}"},"query-input":{"@type":"PropertyValueSpecification","valueRequired":true,"valueName":"search_term_string"}}],"inLanguage":"de"},{"@type":"Organization","@id":"https:\/\/www.sachsenhausen-in-thueringen.de\/wop\/#organization","name":"Sachsenhausen in Thueringen","url":"https:\/\/www.sachsenhausen-in-thueringen.de\/wop\/","logo":{"@type":"ImageObject","inLanguage":"de","@id":"https:\/\/www.sachsenhausen-in-thueringen.de\/wop\/#\/schema\/logo\/image\/","url":"https:\/\/www.sachsenhausen-in-thueringen.de\/wop\/wp-content\/uploads\/Wappen.jpg","contentUrl":"https:\/\/www.sachsenhausen-in-thueringen.de\/wop\/wp-content\/uploads\/Wappen.jpg","width":563,"height":586,"caption":"Sachsenhausen in Thueringen"},"image":{"@id":"https:\/\/www.sachsenhausen-in-thueringen.de\/wop\/#\/schema\/logo\/image\/"}}]}},"_links":{"self":[{"href":"https:\/\/www.sachsenhausen-in-thueringen.de\/wop\/wp-json\/wp\/v2\/pages\/285","targetHints":{"allow":["GET"]}}],"collection":[{"href":"https:\/\/www.sachsenhausen-in-thueringen.de\/wop\/wp-json\/wp\/v2\/pages"}],"about":[{"href":"https:\/\/www.sachsenhausen-in-thueringen.de\/wop\/wp-json\/wp\/v2\/types\/page"}],"author":[{"embeddable":true,"href":"https:\/\/www.sachsenhausen-in-thueringen.de\/wop\/wp-json\/wp\/v2\/users\/1"}],"replies":[{"embeddable":true,"href":"https:\/\/www.sachsenhausen-in-thueringen.de\/wop\/wp-json\/wp\/v2\/comments?post=285"}],"version-history":[{"count":25,"href":"https:\/\/www.sachsenhausen-in-thueringen.de\/wop\/wp-json\/wp\/v2\/pages\/285\/revisions"}],"predecessor-version":[{"id":1192,"href":"https:\/\/www.sachsenhausen-in-thueringen.de\/wop\/wp-json\/wp\/v2\/pages\/285\/revisions\/1192"}],"wp:attachment":[{"href":"https:\/\/www.sachsenhausen-in-thueringen.de\/wop\/wp-json\/wp\/v2\/media?parent=285"}],"curies":[{"name":"wp","href":"https:\/\/api.w.org\/{rel}","templated":true}]}}