{"id":2,"date":"2009-03-20T00:17:04","date_gmt":"2009-03-19T23:17:04","guid":{"rendered":"http:\/\/www.sachsenhausen-in-thueringen.de\/wop\/?page_id=2"},"modified":"2024-06-29T11:04:31","modified_gmt":"2024-06-29T10:04:31","slug":"ueber-mich","status":"publish","type":"page","link":"https:\/\/www.sachsenhausen-in-thueringen.de\/wop\/ueber-mich","title":{"rendered":"Geschichte"},"content":{"rendered":"<p><center><\/p>\n<table width=\"95%\" style=\"border-style: none;\">\n<tbody>\n<tr>\n<td style=\"text-align:left;padding:15px;border-style: none;\">\n<h2>Sachsenhausen &#8211; ein Dorf im Kreis Weimarer Land<\/h2>\n<div>Unser Heimatort Sachsenhausen liegt am Nordhang des sanft abfallenden Kleinen Ettersberges. Sachsenhausen ist Quellort der Scherkonde, die im heutigen Wasserwerk entspringt und in der N\u00e4he von Frohndorf in die Lossa m\u00fcndet. Mehrere Zufl\u00fcsse im Ortsraum, die in der Feldflur als Quellen zutage treten, speisen den Bach, der im Norden den Ort verl\u00e4sst und in Richtung Leutenthal weiter flie\u00dft.<\/p>\n<p>Die Landschaftsform stellt eine von S\u00fcden nach Norden leicht abfallende Ebene mit nur geringen Erhebungen und Senken dar. Die Feldflur mit einer landwirtschaftlichen Nutzfl\u00e4che von 430 ha besitzt zumeist fruchtbare L\u00f6\u00df- Schwarzerde und L\u00f6\u00df- Schl\u00e4mmschwarzerdeb\u00f6den mit einer durchschnittlichen Ackerwertzahl von 65 und wird landwirtschaftlich genutzt.<br \/>\nBis zur Mitte des 20. Jahrhunderts war Sachsenhausen ein Bauerndorf, in dem mittel- und kleinb\u00e4uerliche Wirtschaften dominierten. Heute wird die Bewirtschaftung der Ackerfl\u00e4che von der Agrargenossenschaft Gro\u00dfobringen vorgenommen.<\/p>\n<p>Durch diese ver\u00e4nderte Bewirtschaftungsweise hat sich auch der Charakter des Dorfes ver\u00e4ndert.<br \/>\nSachsenhausen ist Wohnstandort geworden, und in den ehemaligen landwirtschaftlichen Geh\u00f6ften wird nur noch vereinzelt Kleintierhaltung betrieben. H\u00fchner und Wassergefl\u00fcgel, Tauben, Kaninchen, sowie Schweine-, Schaf- und Kleinpferdehaltung weisen noch auf den d\u00f6rflich &#8211; b\u00e4uerlichen Charakter des Ortes hin. Viele ehemalige b\u00e4uerliche Wirtschaftsgeb\u00e4ude sind aber auch zu Garagen und Wohngeb\u00e4uden umgebaut worden.<\/p>\n<p>Sachsenhausen kann man als Dorf im Gr\u00fcnen bezeichnen. Viele Einzelb\u00e4ume, Baumgruppen, aber auch in den letzten Jahren angelegte Gr\u00fcnfl\u00e4chen und Blumenrabatten verleihen dem Dorfraum park\u00e4hnliche Z\u00fcge. Besonders die prachtvollen Kastanienb\u00e4ume auf der Freifl\u00e4che des Gasthofes und auf dem Dorfplatz, sowie die dort und auf dem Kirchplatz stehenden Linden, die ein Alter von etwa 120 Jahren aufweisen, geben besonders zur Bl\u00fctezeit dem Dorfzentrum ein spezifisches Gepr\u00e4ge. Dieser Eindruck wird durch viele im Dorfraum befindliche private Obst- und Gem\u00fcseg\u00e4rten, die in der Vegetationszeit auch reichen Blumenschmuck tragen, verst\u00e4rkt.<\/p>\n<p>Die Grenzen des Dorfes sind durch einen G\u00fcrtel von \u00e4lteren und nach gepflanzten B\u00e4umen ges\u00e4umt. In der Feldflur lockern die in den 80er Jahren des vergangenen Jahrhunderts angelegten Windschutzstreifen und die Neubewaldungen am Steinh\u00fcgel und am Hopfenberge, sowie noch verbliebene einzelne Baumgruppen die durch die Gro\u00dffl\u00e4chenwirtschaft bewirkte Eint\u00f6nigkeit etwas auf.<\/p>\n<p>Verkehrsm\u00e4\u00dfig ist Sachsenhausen durch seine Lage nord\u00f6stlich der Kulturstadt Weimar und 13 km westlich der neuen Kreisstadt Apolda recht g\u00fcnstig gelegen. Gut ausgebaute Strassen (L II 159 u. die Kreisstra\u00dfe 303) verbinden unser Dorf mit den benachbarten Orten, aber auch mit den St\u00e4dten Weimar und Apolda ebenso mit Buttelstedt als dem Zentrum unserer Verwaltungsgemeinschaft.<\/p>\n<p>In der Siedlungsform des Ortes sind zwei verschiedene Bebauungsformen zu unterscheiden. Der \u00e4ltere westliche Dorfkern, der sich um die Kirche gruppiert, besitzt den Charakter eines Haufendorfes. Diesem sind in \u00f6stlicher Richtung zwei regelm\u00e4\u00dfige Geh\u00f6ftzeilen angegliedert, die auf einen planm\u00e4\u00dfigen Ausbau des alten Dorfkernes hindeuten.<\/p><\/div>\n<div>\nParallel zur \u00f6stlichsten Geh\u00f6ftzeile, der Neuen Gasse, wurde nach 1990 das Neubaugebiet Am Steingraben angelegt und so der planm\u00e4\u00dfige Ausbau in \u00f6stlicher Richtung weiter fortgesetzt. Der Ort rundet sich in n\u00f6rdlicher Richtung durch das Neubaugebiet &#8222;Hinter dem Hopfenberge&#8220; ab.<\/p>\n<p>Zur Infrastruktur ist zu bemerken, dass Sachsenhausen ein gemeindeeigenes Gasthaus mit einer idyllischen Freianlage besitzt, welches in den letzten Jahren innen und au\u00dfen umfassend renoviert wurde und sich eines guten Zuspruchs erfreut. Die ebenfalls gemeindeeigene Verkaufsstelle wurde bis 2006 bewirtschaftet. Die Versorgung mit Backwaren und anderen Lebensmitteln erfolgt seitdem durch ambulante H\u00e4ndler.<\/p><\/div>\n<div>\nDer im ehemaligen Bahnhofsgeb\u00e4ude 1958\/59 ausgebaute Kindergarten wurde 1993 in die Tr\u00e4gerschaft der evangelischen Kirche \u00fcbergeben und wird heute vom Diakonischen Zentrum Sophienhaus Weimar gGmbH betrieben. Er hat 35 Kindertagespl\u00e4tze. In dieser Einrichtung wurden in den letzten Jahren durch Anbau eines neuen Gruppenraumes und durch Neugestaltung der Spielplatzeinrichtung die Bedingungen stark verbessert.<\/div>\n<div>\nEine Schule besteht im Ort nicht mehr. Aus der ehemals einklassigen Dorfschule wurde im Jahre 1950 der Schulzweckverband Sachsenhausen mit den Orten Wohlsborn, Leutenthal und Rohrbach gebildet. 1960 wurde dieser mit dem Verband Gro\u00dfobringen zum Oberschulbereich Gro\u00dfobringen zusammengeschlossen und 1980 wurde der gesamte Bereich mit der neu gebauten zweiz\u00fcgigen Schule Buttelstedt vereint. Auch heute besuchen alle Kinder unseres Dorfes den Schulort Buttelstedt. Dort befinden sich eine Grundschule, eine Regelschule und ein Teil des Gymnasiums Mellingen\/Buttelstedt.<\/p>\n<p>In Sachsenhausen gab es bereits in der Vergangenheit ein reges gesellschaftliches Leben, was sich \u00fcber die verschiedenen politischen Strukturen erhalten hat und sich in der Gegenwart in ausgepr\u00e4gter Form darstellt, sei es in Vereinen oder in anderen Gruppen. Zu nennen w\u00e4ren hier besonders:<\/p>\n<p>Die Scherkondetaler Blasmusiker, die auf eine fast 80j\u00e4hrige Tradition zur\u00fcckblicken. Im Jahre 1928 gr\u00fcndeten Walter Steindorf und Erich Wolfram aus Sachsenhausen zusammen mit zwei Liebstedter Musikern den Musikverein Sachsenhausen-Liebstedt und aus diesem entstand \u00fcber verschiedene Stationen in unmittelbarer Aufeinanderfolge die heutige Blaskapelle, die man als ein Markenzeichen von Sachsenhausen bezeichnen kann. Sie kooperiert eng mit der Lindenberger Kapelle aus dem benachbarten Liebstedt und unterh\u00e4lt seit dem Jahre 1991 enge freundschaftliche Beziehungen mit dem Musikverein Br\u00f6gbern-Bawinkel aus dem Emsland.<\/p>\n<p>Die Freiwillige Feuerwehr blickt ebenso auf eine lange Tradition zur\u00fcck. Die erste urkundliche Erw\u00e4hnung eines organisierten Feuerl\u00f6schwesens stammt aus dem Jahre 1826, was dazu f\u00fchrte, dass im Jahre 2001 der 175. Jahrestag der urkundlichen Ersterw\u00e4hnung feierlich begangen wurde. Zu diesem Jubil\u00e4um wurde der Th\u00fcringer Feuerwehrmusiktag durchgef\u00fchrt, zu dem 15 Kapellen und Musikz\u00fcge angereist waren und Sachsenhausen zum klingenden Dorf machten. Die aktiven Kameraden befinden sich in einem guten Ausbildungsstand und besitzen auch die notwendigen technischen Voraussetzungen zur Einsatzbereitschaft. Durch eine aktive Jugendarbeit ist auch der Nachwuchs gesichert.<\/p>\n<p>Seit 1994 besteht ein Feuerwehrverein, der die Kameraden der aktiven Wehr und die Jugendarbeit beispielhaft unterst\u00fctzt und f\u00fcr das gesellschaftliche Leben des Ortes ein wichtiger Motor ist. Erw\u00e4hnt seien nur die Fr\u00fchjahr- und Herbstfeuer und das inzwischen zur Tradition gewordene allj\u00e4hrliche Seifenkistenrennen die in Regie des Feuerwehrvereins durchgef\u00fchrt werden.<\/p>\n<p>Ein wichtiges Fest im d\u00f6rflichen Jahreslauf ist die traditionelle Kirmes. Sie findet nach alter \u00dcberlieferung immer am ersten Juliwochenende statt. Im Jahre 1990 hat sich der Kirmesverein Sachsenhausen e.V. gegr\u00fcndet, der die vorher unter verschiedenen Organisationsformen regelm\u00e4\u00dfig durchgef\u00fchrten Feiern weiterf\u00fchrte und 1998 das 400 j\u00e4hrige Kirmesjubil\u00e4um mit einer gro\u00dfen Jubil\u00e4umsveranstaltung beging. Aus diesem Anlass wurde auch eine neue Kirmesfahne feierlich geweiht.<\/p>\n<p>Der Heimatverein Sachsenhausen e.V. wurde im Jahre 2002 gegr\u00fcndet und hat gegenw\u00e4rtig 34 Mitglieder. Er besitzt eine sehr aktive Frauentanzgruppe und auf seine Initiative gehen die seit 2003 j\u00e4hrlich durchgef\u00fchrten Heimattage zur\u00fcck, die unter einem mit der Gemeinde verbundenen Motto stehen und Volksfestcharakter tragen. Als Beispiel sei der im Jahre 2004 durchgef\u00fchrte Tag des Wassers genannt der anl\u00e4sslich des 70. Jahrestages der Indienststellung des \u00f6rtlichen Wasserwerkes stattfand und mit dem Wasserzweckverband Weimar und den anderen \u00f6rtlichen Organisationen gemeinsam durchgef\u00fchrt wurde.<\/p>\n<p>Ein weiterer wichtiger Faktor des gesellschaftlichen Lebens ist der 1999 gegr\u00fcndete Faschingsclub. Er sorgt j\u00e4hrlich in der Faschingszeit f\u00fcr bemerkenswerte Veranstaltungen, die weit \u00fcber den Ortsrahmen hinaus Besucher begeistern und das kulturelle Leben in unserem Dorf bereichern.<\/p>\n<p>Weitere Organisationen, die sich \u00fcber\u00f6rtlich rekrutieren sind der Kleintierz\u00fcchterverein, der sich der Zucht von Gefl\u00fcgel und Kaninchen widmet, j\u00e4hrlich Ausstellungen veranstaltet, die gut besucht werden und der Sch\u00e4ferhundeverein, der sich im Diebetal ein \u00dcbungsgel\u00e4nde geschaffen hat und dessen Mitglieder auch aus den Nachbarkreisen sich zu regelm\u00e4\u00dfigen \u00dcbungen mit ihren Tieren in Sachsenhausen einfinden.<\/p>\n<p>Positiv erw\u00e4hnt seien noch die Handwerksbetriebe, die sich nach 1990 entwickelt haben und den Ort pr\u00e4gen. Als gr\u00f6\u00dfere Betriebe bestehen z. Zt. die Firma Elektro-Sch\u00e4fer mit etwa 30 Besch\u00e4ftigten, die Firma Erdbau und Dienstleistungen Neugebaur mit etwa 15 Besch\u00e4ftigten und der Meisterbetrieb Autohaus Ribbe mit 8 Besch\u00e4ftigten. Diese 3 Betriebe haben ihren Sitz in ehemaligen Landwirtschaftsgeb\u00e4uden, die zu ihren Zwecken ausgebaut und so einer sinnvollen Weiternutzung zugef\u00fchrt wurden. Ein weiterer schon lange bestehender Betrieb unseres Ortes ist der heutige Betriebsteil des Wasserversorgungszweckverbandes Weimar, der als Wasserwerk im Jahre 2004 sein 70-j\u00e4hriges Bestehen feiern konnte. Daneben existieren im Ort noch als kleinere Einrichtungen ein Architekturb\u00fcro, ein Hausmeisterdienst, eine Dienstleistungs- Vertriebs- und Beteiligungsgesellschaft, eine Kosmetikvertretung und ein Fu\u00dfpflegesalon.<\/p>\n<p>Zur Geschichte unseres Ortes:<br \/>\nIm Jahre 2000 konnte unser Ort den 750. Jahrestag seiner urkundlichen Ersterw\u00e4hnung feierlich begehen.<br \/>\nIn diesen nachgewiesenen 750 Jahren seiner Geschichte, aber sicher auch schon in der vorherigen Zeit, haben die Vorfahren der heutigen Generation unseren Ort gestaltet, haben mit den Naturgewalten gek\u00e4mpft, wurden durch kriegerische Ereignisse, aber auch durch vielf\u00e4ltige Steuern und Abgaben wichtiger Existenzgrundlagen beraubt. Trotz dieser vielf\u00e4ltigen Erschwernisse haben sie das Weiterbestehen Sachsenhausens bis in unsere Zeit gew\u00e4hrleistet.<br \/>\nIm vergangenen 20. Jahrhundert, das viele der heute hier lebenden B\u00fcrger noch miterlebt und aktiv mitgestaltet haben, vollzogen sich in historisch kurzer Zeit gewaltige Ver\u00e4nderungen, die das heutige Erscheinungsbild entscheidend gepr\u00e4gt haben.<br \/>\nBeide Weltkriege, die Umgestaltung der landwirtschaftlichen Struktur durch die Einbeziehung der bis dahin mittel- und kleinb\u00e4uerlichen Betriebe in landwirtschaftliche Produktionsgenossenschaften und schlie\u00dflich die politische Wende 1989\/90 waren Ereignisse von ausschlaggebender Bedeutung f\u00fcr das ganze Land, aber nat\u00fcrlich auch f\u00fcr unseren Ort.<\/p>\n<p>Man muss feststellen, dass sich Sachsenhausen in der Zeit nach 1990 entscheidend ver\u00e4ndert hat. Durch effektive Kommunalpolitik, verbunden mit der Nutzung von F\u00f6rderma\u00dfnahmen ver\u00e4nderte sich das Ortsbild gewaltig. Die Errichtung von zwei Neubaugebieten, die sich organisch in das Ortsbild einf\u00fcgen, Neugestaltung kommunaler Einrichtungen, ein umfassender Stra\u00dfen- und Gehwegebau und damit einhergehende umfassende Baut\u00e4tigkeit auf privater Basis machten in den 90er Jahren aus Sachsenhausen ein sch\u00f6nes Dorf. Das war auch die Grundlage daf\u00fcr, dass sich unser Ort in den Dorfwettbewerben dieser Jahre mehrfach auszeichnen konnte.<br \/>\nWir erreichten erste Pl\u00e4tze im Kreisma\u00dfstab, 1997 wurde Sachsenhausen im Wettbewerb Landessieger mit der Berechtigung, im Jahre 1998 am Bundeswettbewerb: Unser Dorf soll sch\u00f6ner werden &#8211; unser Dorf hat Zukunft, teilnehmen zu k\u00f6nnen. Als die Bewertungskommission am 20. August 1998 unseren Ort besichtigte, wurden die vielf\u00e4ltigen Anstrengungen mit einer Bronzemedaille belohnt. Diese Auszeichnung konnte eine Delegation unseres Dorfes am 20. Januar 1999 im ICC Berlin mit Stolz und gro\u00dfer Freude entgegen nehmen.<\/p>\n<p>Unser Heimatverein bem\u00fcht sich, im Dorfsippenbuch den heutigen Stand unserer Gemeinde und seiner Bewohner darzustellen. In manchen Bildern der Geb\u00e4ude wird auch ein R\u00fcckblick in das Werden des heutigen Zustandes sichtbar. Daraus erkennen wir, dass das, was wir heute Geschichte nennen, f\u00fcr die damaligen Menschen gelebte und gestaltende Gegenwart war und das unsere Gegenwart f\u00fcr unsere Nachfahren Geschichte sein wird.<\/p><\/div>\n<\/td>\n<\/tr>\n<\/tbody>\n<\/table>\n<p><\/center><\/p>\n","protected":false},"excerpt":{"rendered":"<p>Sachsenhausen &#8211; ein Dorf im Kreis Weimarer Land Unser Heimatort Sachsenhausen liegt am Nordhang des sanft abfallenden Kleinen Ettersberges. Sachsenhausen [&hellip;]<\/p>\n","protected":false},"author":1,"featured_media":0,"parent":0,"menu_order":2,"comment_status":"closed","ping_status":"closed","template":"","meta":{"site-sidebar-layout":"default","site-content-layout":"","ast-site-content-layout":"default","site-content-style":"default","site-sidebar-style":"default","ast-global-header-display":"","ast-banner-title-visibility":"","ast-main-header-display":"","ast-hfb-above-header-display":"","ast-hfb-below-header-display":"","ast-hfb-mobile-header-display":"","site-post-title":"","ast-breadcrumbs-content":"","ast-featured-img":"","footer-sml-layout":"","ast-disable-related-posts":"","theme-transparent-header-meta":"default","adv-header-id-meta":"","stick-header-meta":"","header-above-stick-meta":"","header-main-stick-meta":"","header-below-stick-meta":"","astra-migrate-meta-layouts":"set","ast-page-background-enabled":"default","ast-page-background-meta":{"desktop":{"background-color":"var(--ast-global-color-4)","background-image":"","background-repeat":"repeat","background-position":"center center","background-size":"auto","background-attachment":"scroll","background-type":"","background-media":"","overlay-type":"","overlay-color":"","overlay-opacity":"","overlay-gradient":""},"tablet":{"background-color":"","background-image":"","background-repeat":"repeat","background-position":"center center","background-size":"auto","background-attachment":"scroll","background-type":"","background-media":"","overlay-type":"","overlay-color":"","overlay-opacity":"","overlay-gradient":""},"mobile":{"background-color":"","background-image":"","background-repeat":"repeat","background-position":"center center","background-size":"auto","background-attachment":"scroll","background-type":"","background-media":"","overlay-type":"","overlay-color":"","overlay-opacity":"","overlay-gradient":""}},"ast-content-background-meta":{"desktop":{"background-color":"var(--ast-global-color-5)","background-image":"","background-repeat":"repeat","background-position":"center center","background-size":"auto","background-attachment":"scroll","background-type":"","background-media":"","overlay-type":"","overlay-color":"","overlay-opacity":"","overlay-gradient":""},"tablet":{"background-color":"var(--ast-global-color-5)","background-image":"","background-repeat":"repeat","background-position":"center center","background-size":"auto","background-attachment":"scroll","background-type":"","background-media":"","overlay-type":"","overlay-color":"","overlay-opacity":"","overlay-gradient":""},"mobile":{"background-color":"var(--ast-global-color-5)","background-image":"","background-repeat":"repeat","background-position":"center center","background-size":"auto","background-attachment":"scroll","background-type":"","background-media":"","overlay-type":"","overlay-color":"","overlay-opacity":"","overlay-gradient":""}},"footnotes":""},"class_list":["post-2","page","type-page","status-publish","hentry"],"yoast_head":"<!-- This site is optimized with the Yoast SEO plugin v27.6 - https:\/\/yoast.com\/product\/yoast-seo-wordpress\/ -->\n<title>Geschichte - Willkommen in der Ortschaft Sachsenhausen<\/title>\n<meta name=\"robots\" content=\"noindex, follow\" \/>\n<meta property=\"og:locale\" content=\"de_DE\" \/>\n<meta property=\"og:type\" content=\"article\" \/>\n<meta property=\"og:title\" content=\"Geschichte - Willkommen in der Ortschaft Sachsenhausen\" \/>\n<meta property=\"og:description\" content=\"Sachsenhausen &#8211; ein Dorf im Kreis Weimarer Land Unser Heimatort Sachsenhausen liegt am Nordhang des sanft abfallenden Kleinen Ettersberges. Sachsenhausen [&hellip;]\" \/>\n<meta property=\"og:url\" content=\"https:\/\/www.sachsenhausen-in-thueringen.de\/wop\/ueber-mich\" \/>\n<meta property=\"og:site_name\" content=\"Willkommen in der Ortschaft Sachsenhausen\" \/>\n<meta property=\"article:modified_time\" content=\"2024-06-29T10:04:31+00:00\" \/>\n<meta name=\"twitter:card\" content=\"summary_large_image\" \/>\n<meta name=\"twitter:label1\" content=\"Gesch\u00e4tzte Lesezeit\" \/>\n\t<meta name=\"twitter:data1\" content=\"10\u00a0Minuten\" \/>\n<script type=\"application\/ld+json\" class=\"yoast-schema-graph\">{\"@context\":\"https:\\\/\\\/schema.org\",\"@graph\":[{\"@type\":\"WebPage\",\"@id\":\"https:\\\/\\\/www.sachsenhausen-in-thueringen.de\\\/wop\\\/ueber-mich\",\"url\":\"https:\\\/\\\/www.sachsenhausen-in-thueringen.de\\\/wop\\\/ueber-mich\",\"name\":\"Geschichte - Willkommen in der Ortschaft Sachsenhausen\",\"isPartOf\":{\"@id\":\"https:\\\/\\\/www.sachsenhausen-in-thueringen.de\\\/wop\\\/#website\"},\"datePublished\":\"2009-03-19T23:17:04+00:00\",\"dateModified\":\"2024-06-29T10:04:31+00:00\",\"breadcrumb\":{\"@id\":\"https:\\\/\\\/www.sachsenhausen-in-thueringen.de\\\/wop\\\/ueber-mich#breadcrumb\"},\"inLanguage\":\"de\",\"potentialAction\":[{\"@type\":\"ReadAction\",\"target\":[\"https:\\\/\\\/www.sachsenhausen-in-thueringen.de\\\/wop\\\/ueber-mich\"]}]},{\"@type\":\"BreadcrumbList\",\"@id\":\"https:\\\/\\\/www.sachsenhausen-in-thueringen.de\\\/wop\\\/ueber-mich#breadcrumb\",\"itemListElement\":[{\"@type\":\"ListItem\",\"position\":1,\"name\":\"Startseite\",\"item\":\"https:\\\/\\\/www.sachsenhausen-in-thueringen.de\\\/wop\\\/\"},{\"@type\":\"ListItem\",\"position\":2,\"name\":\"Geschichte\"}]},{\"@type\":\"WebSite\",\"@id\":\"https:\\\/\\\/www.sachsenhausen-in-thueringen.de\\\/wop\\\/#website\",\"url\":\"https:\\\/\\\/www.sachsenhausen-in-thueringen.de\\\/wop\\\/\",\"name\":\"Sachsenhausen in Thueringen\",\"description\":\"der Landgemeinde Am Ettersberg\",\"publisher\":{\"@id\":\"https:\\\/\\\/www.sachsenhausen-in-thueringen.de\\\/wop\\\/#organization\"},\"potentialAction\":[{\"@type\":\"SearchAction\",\"target\":{\"@type\":\"EntryPoint\",\"urlTemplate\":\"https:\\\/\\\/www.sachsenhausen-in-thueringen.de\\\/wop\\\/?s={search_term_string}\"},\"query-input\":{\"@type\":\"PropertyValueSpecification\",\"valueRequired\":true,\"valueName\":\"search_term_string\"}}],\"inLanguage\":\"de\"},{\"@type\":\"Organization\",\"@id\":\"https:\\\/\\\/www.sachsenhausen-in-thueringen.de\\\/wop\\\/#organization\",\"name\":\"Sachsenhausen in Thueringen\",\"url\":\"https:\\\/\\\/www.sachsenhausen-in-thueringen.de\\\/wop\\\/\",\"logo\":{\"@type\":\"ImageObject\",\"inLanguage\":\"de\",\"@id\":\"https:\\\/\\\/www.sachsenhausen-in-thueringen.de\\\/wop\\\/#\\\/schema\\\/logo\\\/image\\\/\",\"url\":\"https:\\\/\\\/www.sachsenhausen-in-thueringen.de\\\/wop\\\/wp-content\\\/uploads\\\/Wappen.jpg\",\"contentUrl\":\"https:\\\/\\\/www.sachsenhausen-in-thueringen.de\\\/wop\\\/wp-content\\\/uploads\\\/Wappen.jpg\",\"width\":563,\"height\":586,\"caption\":\"Sachsenhausen in Thueringen\"},\"image\":{\"@id\":\"https:\\\/\\\/www.sachsenhausen-in-thueringen.de\\\/wop\\\/#\\\/schema\\\/logo\\\/image\\\/\"}}]}<\/script>\n<!-- \/ Yoast SEO plugin. -->","yoast_head_json":{"title":"Geschichte - Willkommen in der Ortschaft Sachsenhausen","robots":{"index":"noindex","follow":"follow"},"og_locale":"de_DE","og_type":"article","og_title":"Geschichte - Willkommen in der Ortschaft Sachsenhausen","og_description":"Sachsenhausen &#8211; ein Dorf im Kreis Weimarer Land Unser Heimatort Sachsenhausen liegt am Nordhang des sanft abfallenden Kleinen Ettersberges. Sachsenhausen [&hellip;]","og_url":"https:\/\/www.sachsenhausen-in-thueringen.de\/wop\/ueber-mich","og_site_name":"Willkommen in der Ortschaft Sachsenhausen","article_modified_time":"2024-06-29T10:04:31+00:00","twitter_card":"summary_large_image","twitter_misc":{"Gesch\u00e4tzte Lesezeit":"10\u00a0Minuten"},"schema":{"@context":"https:\/\/schema.org","@graph":[{"@type":"WebPage","@id":"https:\/\/www.sachsenhausen-in-thueringen.de\/wop\/ueber-mich","url":"https:\/\/www.sachsenhausen-in-thueringen.de\/wop\/ueber-mich","name":"Geschichte - Willkommen in der Ortschaft Sachsenhausen","isPartOf":{"@id":"https:\/\/www.sachsenhausen-in-thueringen.de\/wop\/#website"},"datePublished":"2009-03-19T23:17:04+00:00","dateModified":"2024-06-29T10:04:31+00:00","breadcrumb":{"@id":"https:\/\/www.sachsenhausen-in-thueringen.de\/wop\/ueber-mich#breadcrumb"},"inLanguage":"de","potentialAction":[{"@type":"ReadAction","target":["https:\/\/www.sachsenhausen-in-thueringen.de\/wop\/ueber-mich"]}]},{"@type":"BreadcrumbList","@id":"https:\/\/www.sachsenhausen-in-thueringen.de\/wop\/ueber-mich#breadcrumb","itemListElement":[{"@type":"ListItem","position":1,"name":"Startseite","item":"https:\/\/www.sachsenhausen-in-thueringen.de\/wop\/"},{"@type":"ListItem","position":2,"name":"Geschichte"}]},{"@type":"WebSite","@id":"https:\/\/www.sachsenhausen-in-thueringen.de\/wop\/#website","url":"https:\/\/www.sachsenhausen-in-thueringen.de\/wop\/","name":"Sachsenhausen in Thueringen","description":"der Landgemeinde Am Ettersberg","publisher":{"@id":"https:\/\/www.sachsenhausen-in-thueringen.de\/wop\/#organization"},"potentialAction":[{"@type":"SearchAction","target":{"@type":"EntryPoint","urlTemplate":"https:\/\/www.sachsenhausen-in-thueringen.de\/wop\/?s={search_term_string}"},"query-input":{"@type":"PropertyValueSpecification","valueRequired":true,"valueName":"search_term_string"}}],"inLanguage":"de"},{"@type":"Organization","@id":"https:\/\/www.sachsenhausen-in-thueringen.de\/wop\/#organization","name":"Sachsenhausen in Thueringen","url":"https:\/\/www.sachsenhausen-in-thueringen.de\/wop\/","logo":{"@type":"ImageObject","inLanguage":"de","@id":"https:\/\/www.sachsenhausen-in-thueringen.de\/wop\/#\/schema\/logo\/image\/","url":"https:\/\/www.sachsenhausen-in-thueringen.de\/wop\/wp-content\/uploads\/Wappen.jpg","contentUrl":"https:\/\/www.sachsenhausen-in-thueringen.de\/wop\/wp-content\/uploads\/Wappen.jpg","width":563,"height":586,"caption":"Sachsenhausen in Thueringen"},"image":{"@id":"https:\/\/www.sachsenhausen-in-thueringen.de\/wop\/#\/schema\/logo\/image\/"}}]}},"_links":{"self":[{"href":"https:\/\/www.sachsenhausen-in-thueringen.de\/wop\/wp-json\/wp\/v2\/pages\/2","targetHints":{"allow":["GET"]}}],"collection":[{"href":"https:\/\/www.sachsenhausen-in-thueringen.de\/wop\/wp-json\/wp\/v2\/pages"}],"about":[{"href":"https:\/\/www.sachsenhausen-in-thueringen.de\/wop\/wp-json\/wp\/v2\/types\/page"}],"author":[{"embeddable":true,"href":"https:\/\/www.sachsenhausen-in-thueringen.de\/wop\/wp-json\/wp\/v2\/users\/1"}],"replies":[{"embeddable":true,"href":"https:\/\/www.sachsenhausen-in-thueringen.de\/wop\/wp-json\/wp\/v2\/comments?post=2"}],"version-history":[{"count":8,"href":"https:\/\/www.sachsenhausen-in-thueringen.de\/wop\/wp-json\/wp\/v2\/pages\/2\/revisions"}],"predecessor-version":[{"id":1209,"href":"https:\/\/www.sachsenhausen-in-thueringen.de\/wop\/wp-json\/wp\/v2\/pages\/2\/revisions\/1209"}],"wp:attachment":[{"href":"https:\/\/www.sachsenhausen-in-thueringen.de\/wop\/wp-json\/wp\/v2\/media?parent=2"}],"curies":[{"name":"wp","href":"https:\/\/api.w.org\/{rel}","templated":true}]}}